{"id":35545,"date":"2012-08-02T10:06:37","date_gmt":"2012-08-02T09:06:37","guid":{"rendered":"http:\/\/www.filindeblogg.nu\/?page_id=35545"},"modified":"2012-08-02T10:06:37","modified_gmt":"2012-08-02T09:06:37","slug":"om-lyckan-av-att-bo-i-en-liten-stad-och-om-haggspinnmalens-karleksliv-och-katternas-himmel","status":"publish","type":"page","link":"http:\/\/www.filindeblogg.nu\/?page_id=35545","title":{"rendered":"Om lyckan av att bo i en liten stad! Och om h\u00e4ggspinnmalens k\u00e4rleksliv och katternas himmel."},"content":{"rendered":"<p><a href=\"http:\/\/www.filindeblogg.nu\/?attachment_id=35546\" rel=\"attachment wp-att-35546\"><img loading=\"lazy\" class=\"alignnone size-full wp-image-35546\" title=\"Arboga fr\u00e5n Internet\" src=\"http:\/\/www.filindeblogg.nu\/wp-content\/uploads\/2012\/08\/Arboga-fr\u00e5n-Internet.jpg\" alt=\"\" width=\"204\" height=\"136\" \/><\/a>\u00a0Att bo i en sm\u00e5stad har sina f\u00f6rdelar &#8211; trots att belackarna klagar p\u00e5 d\u00e5ligt utbud av varor och tj\u00e4nster liksom att &#8221;<em>&#8211; H\u00e4r h\u00e4nder det absolut ingenting<\/em>&#8221;.<\/p>\n<p>Att bo i en sm\u00e5stad g\u00f6r att <em>&#8221;alla k\u00e4nner alla&#8221;<\/em> &#8211; p\u00e5 gott och ont det ocks\u00e5. Men hanterar man denna kunskap p\u00e5 r\u00e4tt s\u00e4tt \u00e4r det en enorm tillg\u00e5ng. Det betyder att man tar ansvar f\u00f6r varandra och st\u00e4ller upp n\u00e4r det kniper. H\u00e4r \u00e4r ett exempel:<\/p>\n<p>I m\u00e5ndags\u00a0 hade jag en bokad tid i <strong>K\u00f6ping<\/strong> &#8211; h\u00e5ret skulle putsas till. Vad h\u00e4nder? Jo, det \u00e4r om\u00f6jligt att f\u00e5 ut bilen ur garaget &#8211; v\u00e4nster d\u00e4ck bak \u00e4r helt l\u00e5st.<br \/>\nJa, jag har varit med om det f\u00f6rr och vet att det kan bli s\u00e5 efter till exempel en biltv\u00e4tt. S\u00e5 jag f\u00f6rs\u00f6kte k\u00f6ra fram och \u00e5ter, gunga fram bilen &#8211; men icke! Vad g\u00f6r man d\u00e5? Jo, man ringer <strong>Sveriges b\u00e4sta bilverkstad &#8211; Meca i Arboga<\/strong> &#8211; eller <strong>Krisats<\/strong> som verkstaden hette f\u00f6r inte s\u00e5 l\u00e4nge sen!<\/p>\n<p><a href=\"http:\/\/www.filindeblogg.nu\/?attachment_id=35547\" rel=\"attachment wp-att-35547\"><img loading=\"lazy\" class=\"alignnone  wp-image-35547\" title=\"IMG_8780 (3)\" src=\"http:\/\/www.filindeblogg.nu\/wp-content\/uploads\/2012\/08\/IMG_8780-3-300x225.jpg\" alt=\"\" width=\"180\" height=\"135\" srcset=\"http:\/\/www.filindeblogg.nu\/wp-content\/uploads\/2012\/08\/IMG_8780-3-300x225.jpg 300w, http:\/\/www.filindeblogg.nu\/wp-content\/uploads\/2012\/08\/IMG_8780-3.jpg 461w\" sizes=\"(max-width: 180px) 100vw, 180px\" \/><\/a> P\u00e5 s\u00e5 d\u00e4r 5-6 minuter hade <strong>Magnus<\/strong> p\u00e5 Meca f\u00e5tt l\u00e4get klart f\u00f6r sig och skickat upp ett par killar f\u00f6r att hj\u00e4lpa mig. D\u00e4cket satt h\u00e5rt men det gick! Och &#8211; utryckningen kostade mig ingenting! \ud83d\ude42<br \/>\nDet kan man kalla service! Det blev en t\u00e5rta f\u00f6rst\u00e5s till den positiva och duktiga personalen. Och jag hann i tid till frissan!<\/p>\n<p>Skulle n\u00e5got liknande kunnat ha h\u00e4nt i storstan? Kanske &#8211; men fan tro&#8217;t!<\/p>\n<p>Bor man i en sm\u00e5stad \u00e4r det n\u00e4ra till allt. Se h\u00e4r bara! \ud83d\ude00<a href=\"http:\/\/www.filindeblogg.nu\/?attachment_id=35548\" rel=\"attachment wp-att-35548\"><img loading=\"lazy\" class=\"alignnone  wp-image-35548\" title=\"IMG_8902 (3)\" src=\"http:\/\/www.filindeblogg.nu\/wp-content\/uploads\/2012\/08\/IMG_8902-3-300x225.jpg\" alt=\"\" width=\"180\" height=\"135\" srcset=\"http:\/\/www.filindeblogg.nu\/wp-content\/uploads\/2012\/08\/IMG_8902-3-300x225.jpg 300w, http:\/\/www.filindeblogg.nu\/wp-content\/uploads\/2012\/08\/IMG_8902-3.jpg 461w\" sizes=\"(max-width: 180px) 100vw, 180px\" \/><\/a> T\u00e5gen svischar f\u00f6rbi! <a href=\"http:\/\/www.filindeblogg.nu\/?attachment_id=35549\" rel=\"attachment wp-att-35549\"><img loading=\"lazy\" class=\"alignnone  wp-image-35549\" title=\"IMG_8905 (3)\" src=\"http:\/\/www.filindeblogg.nu\/wp-content\/uploads\/2012\/08\/IMG_8905-3-300x225.jpg\" alt=\"\" width=\"180\" height=\"135\" srcset=\"http:\/\/www.filindeblogg.nu\/wp-content\/uploads\/2012\/08\/IMG_8905-3-300x225.jpg 300w, http:\/\/www.filindeblogg.nu\/wp-content\/uploads\/2012\/08\/IMG_8905-3.jpg 461w\" sizes=\"(max-width: 180px) 100vw, 180px\" \/><\/a> Det \u00e4r rent av s\u00e5 man t\u00e4nker att man skulle kunna f\u00e5 en passagerare eller kanske lokf\u00f6raren sj\u00e4lv med p\u00e5 b\u00e4nken som s\u00e4llskap!<\/p>\n<p>Men det var inte b\u00e4nken vi \u00e4gnade oss \u00e5t ig\u00e5r utan tr\u00e4det! K\u00f6rsb\u00e4rstr\u00e4det hade massor av torra grenar. <a href=\"http:\/\/www.filindeblogg.nu\/?attachment_id=35550\" rel=\"attachment wp-att-35550\"><img loading=\"lazy\" class=\"alignnone  wp-image-35550\" title=\"IMG_8889 (3)\" src=\"http:\/\/www.filindeblogg.nu\/wp-content\/uploads\/2012\/08\/IMG_8889-3-225x300.jpg\" alt=\"\" width=\"135\" height=\"180\" srcset=\"http:\/\/www.filindeblogg.nu\/wp-content\/uploads\/2012\/08\/IMG_8889-3-225x300.jpg 225w, http:\/\/www.filindeblogg.nu\/wp-content\/uploads\/2012\/08\/IMG_8889-3.jpg 346w\" sizes=\"(max-width: 135px) 100vw, 135px\" \/><\/a> En s\u00e5dan tur att hj\u00e4lpredor finns! \ud83d\ude42 <a href=\"http:\/\/www.filindeblogg.nu\/?attachment_id=35551\" rel=\"attachment wp-att-35551\"><img loading=\"lazy\" class=\"alignnone  wp-image-35551\" title=\"IMG_8897 (3)\" src=\"http:\/\/www.filindeblogg.nu\/wp-content\/uploads\/2012\/08\/IMG_8897-3-225x300.jpg\" alt=\"\" width=\"158\" height=\"210\" srcset=\"http:\/\/www.filindeblogg.nu\/wp-content\/uploads\/2012\/08\/IMG_8897-3-225x300.jpg 225w, http:\/\/www.filindeblogg.nu\/wp-content\/uploads\/2012\/08\/IMG_8897-3.jpg 346w\" sizes=\"(max-width: 158px) 100vw, 158px\" \/><\/a><\/p>\n<p>Tr\u00e4det blev tillsnyggat och vi fick dessutom l\u00e4ra oss om <strong>h\u00e4ggspinnmalens<\/strong> liv och leverne. <a href=\"http:\/\/www.filindeblogg.nu\/?attachment_id=35552\" rel=\"attachment wp-att-35552\"><img loading=\"lazy\" class=\"alignnone  wp-image-35552\" title=\"IMG_8916 (3)\" src=\"http:\/\/www.filindeblogg.nu\/wp-content\/uploads\/2012\/08\/IMG_8916-3-225x300.jpg\" alt=\"\" width=\"158\" height=\"210\" srcset=\"http:\/\/www.filindeblogg.nu\/wp-content\/uploads\/2012\/08\/IMG_8916-3-225x300.jpg 225w, http:\/\/www.filindeblogg.nu\/wp-content\/uploads\/2012\/08\/IMG_8916-3.jpg 346w\" sizes=\"(max-width: 158px) 100vw, 158px\" \/><\/a> En insekt med tv\u00e5 huvuden? Nej, tv\u00e5 malar som parar sig. Det \u00e4r v\u00e4l ett gulligt s\u00e4tt att f\u00e5 till nya sm\u00e5 larver! Bak mot bak och med vingarna mjukt lindade om varandra. \ud83d\ude42<br \/>\nH\u00e4ggspinnmalen \u00e4r ett gissel f\u00f6r h\u00e4ggtr\u00e4d men som tur \u00e4r har vi inte s\u00e5dana tr\u00e4d hos oss. L\u00e4s mer om h\u00e4ggspinnmalen <a href=\"http:\/\/sv.wikipedia.org\/wiki\/H%C3%A4ggspinnmal\" target=\"_blank\"><strong>H\u00c4R<\/strong><\/a> p\u00e5 <strong>Wikipedia<\/strong>.<\/p>\n<p>Annat in natura! Den h\u00e4r v\u00e4xten i sin kruka fick jag f\u00f6r m\u00e5nga \u00e5r sedan i julklapp av en k\u00e4r v\u00e4n. <a href=\"http:\/\/www.filindeblogg.nu\/?attachment_id=35553\" rel=\"attachment wp-att-35553\"><img loading=\"lazy\" class=\"alignnone  wp-image-35553\" title=\"IMG_8878 (4)\" src=\"http:\/\/www.filindeblogg.nu\/wp-content\/uploads\/2012\/08\/IMG_8878-4-225x300.jpg\" alt=\"\" width=\"135\" height=\"180\" srcset=\"http:\/\/www.filindeblogg.nu\/wp-content\/uploads\/2012\/08\/IMG_8878-4-225x300.jpg 225w, http:\/\/www.filindeblogg.nu\/wp-content\/uploads\/2012\/08\/IMG_8878-4.jpg 346w\" sizes=\"(max-width: 135px) 100vw, 135px\" \/><\/a> Det \u00e4r en slideranka &#8211; p\u00e5 latin <em>Muehlenbeckia complexa<\/em> men i folkmun &#8221;pl\u00e4ttar p\u00e5 tr\u00e5d&#8221;, med flera olika namn.<\/p>\n<p>Min stackars ranka har f\u00f6rt en tynande tillvaro sedan jag fick den &#8211; men nu skulle det bli annat av! Sm\u00e5, sm\u00e5 oansenliga blommor hade rankan. <a href=\"http:\/\/www.filindeblogg.nu\/?attachment_id=35554\" rel=\"attachment wp-att-35554\"><img loading=\"lazy\" class=\"alignnone  wp-image-35554\" title=\"IMG_8874 (4)\" src=\"http:\/\/www.filindeblogg.nu\/wp-content\/uploads\/2012\/08\/IMG_8874-4-300x225.jpg\" alt=\"\" width=\"180\" height=\"135\" srcset=\"http:\/\/www.filindeblogg.nu\/wp-content\/uploads\/2012\/08\/IMG_8874-4-300x225.jpg 300w, http:\/\/www.filindeblogg.nu\/wp-content\/uploads\/2012\/08\/IMG_8874-4.jpg 461w\" sizes=\"(max-width: 180px) 100vw, 180px\" \/><\/a><br \/>\nOch till och med frukter: <a href=\"http:\/\/www.filindeblogg.nu\/?attachment_id=35555\" rel=\"attachment wp-att-35555\"><img loading=\"lazy\" class=\"alignnone  wp-image-35555\" title=\"IMG_8876 (4)\" src=\"http:\/\/www.filindeblogg.nu\/wp-content\/uploads\/2012\/08\/IMG_8876-4-300x225.jpg\" alt=\"\" width=\"210\" height=\"158\" srcset=\"http:\/\/www.filindeblogg.nu\/wp-content\/uploads\/2012\/08\/IMG_8876-4-300x225.jpg 300w, http:\/\/www.filindeblogg.nu\/wp-content\/uploads\/2012\/08\/IMG_8876-4.jpg 461w\" sizes=\"(max-width: 210px) 100vw, 210px\" \/><\/a> Vacker eller hur!<\/p>\n<p>Nu fick den ny jord och ny kruka och blev upphissad i luften! <a href=\"http:\/\/www.filindeblogg.nu\/?attachment_id=35556\" rel=\"attachment wp-att-35556\"><img loading=\"lazy\" class=\"alignnone  wp-image-35556\" title=\"IMG_8936 (3)\" src=\"http:\/\/www.filindeblogg.nu\/wp-content\/uploads\/2012\/08\/IMG_8936-3-225x300.jpg\" alt=\"\" width=\"135\" height=\"180\" srcset=\"http:\/\/www.filindeblogg.nu\/wp-content\/uploads\/2012\/08\/IMG_8936-3-225x300.jpg 225w, http:\/\/www.filindeblogg.nu\/wp-content\/uploads\/2012\/08\/IMG_8936-3.jpg 346w\" sizes=\"(max-width: 135px) 100vw, 135px\" \/><\/a> Jag tror den kommer att trivas mycket b\u00e4ttre nu.<\/p>\n<p>Lite tokerier. Den h\u00e4r trucken fick jag \u00f6gonen p\u00e5 n\u00e4r jag bes\u00f6kte <strong>Byggtj\u00e4nst<\/strong> h\u00e4r i stan: <a href=\"http:\/\/www.filindeblogg.nu\/?attachment_id=35557\" rel=\"attachment wp-att-35557\"><img loading=\"lazy\" class=\"alignnone  wp-image-35557\" title=\"IMG_8873 (4)\" src=\"http:\/\/www.filindeblogg.nu\/wp-content\/uploads\/2012\/08\/IMG_8873-4-300x225.jpg\" alt=\"\" width=\"180\" height=\"135\" srcset=\"http:\/\/www.filindeblogg.nu\/wp-content\/uploads\/2012\/08\/IMG_8873-4-300x225.jpg 300w, http:\/\/www.filindeblogg.nu\/wp-content\/uploads\/2012\/08\/IMG_8873-4.jpg 461w\" sizes=\"(max-width: 180px) 100vw, 180px\" \/><\/a> Den passar v\u00e4l mig!? \ud83d\ude00 <a href=\"http:\/\/www.filindeblogg.nu\/?attachment_id=35558\" rel=\"attachment wp-att-35558\"><img loading=\"lazy\" class=\"alignnone  wp-image-35558\" title=\"IMG_8872 (4)\" src=\"http:\/\/www.filindeblogg.nu\/wp-content\/uploads\/2012\/08\/IMG_8872-4-300x225.jpg\" alt=\"\" width=\"180\" height=\"135\" srcset=\"http:\/\/www.filindeblogg.nu\/wp-content\/uploads\/2012\/08\/IMG_8872-4-300x225.jpg 300w, http:\/\/www.filindeblogg.nu\/wp-content\/uploads\/2012\/08\/IMG_8872-4.jpg 461w\" sizes=\"(max-width: 180px) 100vw, 180px\" \/><\/a><\/p>\n<p>Idag s\u00e5g jag den h\u00e4r bilden p\u00e5 <a href=\"http:\/\/www.theanimalrescuesite.com\/clickToGive\/home.faces?siteId=3&amp;ThirdPartyClicks=ERA_080212_ARS_m\" target=\"_blank\"><strong>The Animal Rescue Site<\/strong> <\/a>&#8211; som \u00e4r en sida jag klickar p\u00e5 varje dag. Klicket generar mat till djur p\u00e5 h\u00e4rb\u00e4rgen. <a href=\"http:\/\/www.filindeblogg.nu\/?attachment_id=35559\" rel=\"attachment wp-att-35559\"><img loading=\"lazy\" class=\"alignnone size-full wp-image-35559\" title=\"Bilden fr\u00e5n Internet ser ut som Sippan och Hasse\" src=\"http:\/\/www.filindeblogg.nu\/wp-content\/uploads\/2012\/08\/Bilden-fr\u00e5n-Internet-ser-ut-som-Sippan-och-Hasse.jpg\" alt=\"\" width=\"152\" height=\"154\" \/><\/a><br \/>\nJag blev alldeles varm i hj\u00e4rtat! Katterna liknar precis tv\u00e5 katter vi haft. <strong>Sippan<\/strong> till v\u00e4nster, blev 18 \u00e5r, och <strong>Hasse<\/strong> till h\u00f6ger blev 12. De har f\u00f6rst\u00e5s aldrig tr\u00e4ffats f\u00f6r Hasse tog s.a.s. \u00f6ver efter Sippan men i en katthimmel n\u00e5gonstans kanske de ligger ihop s\u00e5 h\u00e4r&#8230;<\/p>\n<p style=\"text-align: center;\">Ha en fin torsdag alla! Njut sm\u00e5staden!<\/p>\n<p style=\"text-align: center;\"><a href=\"http:\/\/www.filindeblogg.nu\/?attachment_id=35560\" rel=\"attachment wp-att-35560\"><img loading=\"lazy\" class=\"aligncenter size-medium wp-image-35560\" title=\"IMG_8933 (3)\" src=\"http:\/\/www.filindeblogg.nu\/wp-content\/uploads\/2012\/08\/IMG_8933-3-300x225.jpg\" alt=\"\" width=\"300\" height=\"225\" srcset=\"http:\/\/www.filindeblogg.nu\/wp-content\/uploads\/2012\/08\/IMG_8933-3-300x225.jpg 300w, http:\/\/www.filindeblogg.nu\/wp-content\/uploads\/2012\/08\/IMG_8933-3.jpg 461w\" sizes=\"(max-width: 300px) 100vw, 300px\" \/><\/a><\/p>\n<p>&nbsp;<\/p>\n<p>&nbsp;<\/p>\n","protected":false},"excerpt":{"rendered":"<p>\u00a0Att bo i en sm\u00e5stad har sina f\u00f6rdelar &#8211; trots att belackarna klagar p\u00e5 d\u00e5ligt utbud av varor och tj\u00e4nster liksom att &#8221;&#8211; H\u00e4r h\u00e4nder det absolut ingenting&#8221;. Att bo i en sm\u00e5stad g\u00f6r att &#8221;alla k\u00e4nner alla&#8221; &#8211; p\u00e5 gott och ont det ocks\u00e5. Men hanterar man denna kunskap p\u00e5 r\u00e4tt s\u00e4tt \u00e4r det [&hellip;]<\/p>\n","protected":false},"author":1,"featured_media":0,"parent":0,"menu_order":0,"comment_status":"open","ping_status":"open","template":"","meta":[],"_links":{"self":[{"href":"http:\/\/www.filindeblogg.nu\/index.php?rest_route=\/wp\/v2\/pages\/35545"}],"collection":[{"href":"http:\/\/www.filindeblogg.nu\/index.php?rest_route=\/wp\/v2\/pages"}],"about":[{"href":"http:\/\/www.filindeblogg.nu\/index.php?rest_route=\/wp\/v2\/types\/page"}],"author":[{"embeddable":true,"href":"http:\/\/www.filindeblogg.nu\/index.php?rest_route=\/wp\/v2\/users\/1"}],"replies":[{"embeddable":true,"href":"http:\/\/www.filindeblogg.nu\/index.php?rest_route=%2Fwp%2Fv2%2Fcomments&post=35545"}],"version-history":[{"count":10,"href":"http:\/\/www.filindeblogg.nu\/index.php?rest_route=\/wp\/v2\/pages\/35545\/revisions"}],"predecessor-version":[{"id":35570,"href":"http:\/\/www.filindeblogg.nu\/index.php?rest_route=\/wp\/v2\/pages\/35545\/revisions\/35570"}],"wp:attachment":[{"href":"http:\/\/www.filindeblogg.nu\/index.php?rest_route=%2Fwp%2Fv2%2Fmedia&parent=35545"}],"curies":[{"name":"wp","href":"https:\/\/api.w.org\/{rel}","templated":true}]}}